{"id":5530,"date":"2025-01-25T14:21:32","date_gmt":"2025-01-25T19:21:32","guid":{"rendered":"https:\/\/absolutlaprairie.ca\/?post_type=product&#038;p=5530"},"modified":"2026-02-24T14:17:04","modified_gmt":"2026-02-24T19:17:04","slug":"lorreto-professional-revitalisant-2-phases-pour-barbe-cheveux-a-la-keratine","status":"publish","type":"product","link":"https:\/\/absolutlaprairie.ca\/en\/product\/lorreto-professional-revitalisant-2-phases-pour-barbe-cheveux-a-la-keratine\/","title":{"rendered":"LORRETO PROFESSIONAL &#8211; Revitalisant 2 Phases pour Barbe &#038; Cheveux \u00e0 la K\u00e9ratine"},"content":{"rendered":"<p>Donnez \u00e0 vos cheveux et \u00e0 votre barbe une hydratation intense avec le <strong>Revitalisant 2 Phases de LORRETO PROFESSIONAL<\/strong>. Sa formule enrichie \u00e0 la <strong>k\u00e9ratine<\/strong> nourrit les cheveux secs et cassants, tout en offrant une protection contre les agressions ext\u00e9rieures. Facile \u00e0 utiliser gr\u00e2ce \u00e0 son vaporisateur, il laisse une sensation de douceur et de souplesse.<\/p>\n<p><strong>Caract\u00e9ristiques :<\/strong><br \/>\n\u2714 <strong>Hydrate et nourrit les cheveux secs et cassants<\/strong><br \/>\n\u2714 <strong>Enrichi en k\u00e9ratine pour fortifier et prot\u00e9ger<\/strong><br \/>\n\u2714 <strong>Convient \u00e0 tous les types de cheveux<\/strong><br \/>\n\u2714 <strong>Formule ultra-l\u00e9g\u00e8re et non grasse<\/strong><br \/>\n\u2714 <strong>Format pratique de 400 ml avec vaporisateur<\/strong><\/p>\n","protected":false},"excerpt":{"rendered":"<p>Donnez \u00e0 vos cheveux et \u00e0 votre barbe une hydratation intense avec le <strong>Revitalisant 2 Phases de LORRETO PROFESSIONAL<\/strong>. Sa formule enrichie \u00e0 la <strong>k\u00e9ratine<\/strong> nourrit les cheveux secs et cassants, tout en offrant une protection contre les agressions ext\u00e9rieures. Facile \u00e0 utiliser gr\u00e2ce \u00e0 son vaporisateur, il laisse une sensation de douceur et de souplesse.<\/p>\n","protected":false},"featured_media":5522,"comment_status":"open","ping_status":"closed","template":"","meta":{"_acf_changed":false,"_seopress_robots_primary_cat":"none","_seopress_titles_title":"LORRETO PROFESSIONAL - Revitalisant 2 Phases pour Barbe & Cheveux \u00e0 la K\u00e9ratine","_seopress_titles_desc":"","_seopress_robots_index":""},"product_brand":[],"product_cat":[70],"product_tag":[113,110,169],"class_list":{"0":"post-5530","1":"product","2":"type-product","3":"status-publish","4":"has-post-thumbnail","6":"product_cat-pommade-soins-pour-peau","7":"product_tag-huile-a-barbe","8":"product_tag-pommade","9":"product_tag-revitalisant-2-phases-pour-barbe-cheveux-a-la-keratine","11":"first","12":"instock","13":"taxable","14":"shipping-taxable","15":"purchasable","16":"product-type-simple"},"acf":[],"_links":{"self":[{"href":"https:\/\/absolutlaprairie.ca\/en\/wp-json\/wp\/v2\/product\/5530","targetHints":{"allow":["GET"]}}],"collection":[{"href":"https:\/\/absolutlaprairie.ca\/en\/wp-json\/wp\/v2\/product"}],"about":[{"href":"https:\/\/absolutlaprairie.ca\/en\/wp-json\/wp\/v2\/types\/product"}],"replies":[{"embeddable":true,"href":"https:\/\/absolutlaprairie.ca\/en\/wp-json\/wp\/v2\/comments?post=5530"}],"wp:featuredmedia":[{"embeddable":true,"href":"https:\/\/absolutlaprairie.ca\/en\/wp-json\/wp\/v2\/media\/5522"}],"wp:attachment":[{"href":"https:\/\/absolutlaprairie.ca\/en\/wp-json\/wp\/v2\/media?parent=5530"}],"wp:term":[{"taxonomy":"product_brand","embeddable":true,"href":"https:\/\/absolutlaprairie.ca\/en\/wp-json\/wp\/v2\/product_brand?post=5530"},{"taxonomy":"product_cat","embeddable":true,"href":"https:\/\/absolutlaprairie.ca\/en\/wp-json\/wp\/v2\/product_cat?post=5530"},{"taxonomy":"product_tag","embeddable":true,"href":"https:\/\/absolutlaprairie.ca\/en\/wp-json\/wp\/v2\/product_tag?post=5530"}],"curies":[{"name":"wp","href":"https:\/\/api.w.org\/{rel}","templated":true}]}}