{"id":5516,"date":"2025-01-25T14:10:15","date_gmt":"2025-01-25T19:10:15","guid":{"rendered":"https:\/\/absolutlaprairie.ca\/?post_type=product&#038;p=5516"},"modified":"2026-02-24T14:17:53","modified_gmt":"2026-02-24T19:17:53","slug":"lorreto-professional-eau-de-cologne-apres-rasage-havana","status":"publish","type":"product","link":"https:\/\/absolutlaprairie.ca\/en\/product\/lorreto-professional-eau-de-cologne-apres-rasage-havana\/","title":{"rendered":"LORRETO PROFESSIONAL &#8211; Eau de Cologne Apr\u00e8s-Rasage &#8220;Havana&#8221; 400ml"},"content":{"rendered":"<p>Plongez dans une exp\u00e9rience rafra\u00eechissante et sophistiqu\u00e9e avec l\u2019<strong>Eau de Cologne Apr\u00e8s-Rasage &#8220;Havana&#8221; 400ml<\/strong> de <strong>LORRETO PROFESSIONAL<\/strong>. Inspir\u00e9e par l\u2019\u00e9l\u00e9gance intemporelle, cette fragrance \u00e9nergisante apaise et rafra\u00eechit la peau apr\u00e8s le rasage tout en laissant un parfum masculin et envo\u00fbtant. Parfaite pour une sensation de propret\u00e9 et de bien-\u00eatre tout au long de la journ\u00e9e.<\/p>\n<p><strong>Caract\u00e9ristiques :<\/strong><br \/>\n\u2714 <strong>Apaise et rafra\u00eechit la peau apr\u00e8s le rasage<\/strong><br \/>\n\u2714 <strong>Fragrance intense et raffin\u00e9e pour une sensation de fra\u00eecheur prolong\u00e9e<\/strong><br \/>\n\u2714 <strong>Hydrate et prot\u00e8ge contre les irritations<\/strong><br \/>\n\u2714 <strong>Formule l\u00e9g\u00e8re qui p\u00e9n\u00e8tre rapidement sans effet collant<\/strong><br \/>\n\u2714 <strong>Format pratique de 400 ml avec vaporisateur<\/strong><\/p>\n<p>Ajoutez cette eau de cologne apr\u00e8s-rasage \u00e0 votre routine pour une touche d\u2019\u00e9l\u00e9gance et de fra\u00eecheur au quotidien !<\/p>\n","protected":false},"excerpt":{"rendered":"<p>Plongez dans une exp\u00e9rience rafra\u00eechissante et sophistiqu\u00e9e avec l\u2019<strong>Eau de Cologne Apr\u00e8s-Rasage &#8220;Havana&#8221;<\/strong> de <strong>LORRETO PROFESSIONAL<\/strong>. Inspir\u00e9e par l\u2019\u00e9l\u00e9gance intemporelle, cette fragrance \u00e9nergisante apaise et rafra\u00eechit la peau apr\u00e8s le rasage tout en laissant un parfum masculin et envo\u00fbtant. Parfaite pour une sensation de propret\u00e9 et de bien-\u00eatre tout au long de la journ\u00e9e.<\/p>\n<p>&nbsp;<\/p>\n","protected":false},"featured_media":5508,"comment_status":"open","ping_status":"closed","template":"","meta":{"_acf_changed":false,"_seopress_robots_primary_cat":"none","_seopress_titles_title":"LORRETO PROFESSIONAL - Eau de Cologne Apr\u00e8s-Rasage \"Havana\"","_seopress_titles_desc":"","_seopress_robots_index":""},"product_brand":[],"product_cat":[70],"product_tag":[112,171],"class_list":{"0":"post-5516","1":"product","2":"type-product","3":"status-publish","4":"has-post-thumbnail","6":"product_cat-pommade-soins-pour-peau","7":"product_tag-aftershave","8":"product_tag-eau-de-cologne-apres-rasage","10":"first","11":"instock","12":"taxable","13":"shipping-taxable","14":"purchasable","15":"product-type-simple"},"acf":[],"_links":{"self":[{"href":"https:\/\/absolutlaprairie.ca\/en\/wp-json\/wp\/v2\/product\/5516","targetHints":{"allow":["GET"]}}],"collection":[{"href":"https:\/\/absolutlaprairie.ca\/en\/wp-json\/wp\/v2\/product"}],"about":[{"href":"https:\/\/absolutlaprairie.ca\/en\/wp-json\/wp\/v2\/types\/product"}],"replies":[{"embeddable":true,"href":"https:\/\/absolutlaprairie.ca\/en\/wp-json\/wp\/v2\/comments?post=5516"}],"wp:featuredmedia":[{"embeddable":true,"href":"https:\/\/absolutlaprairie.ca\/en\/wp-json\/wp\/v2\/media\/5508"}],"wp:attachment":[{"href":"https:\/\/absolutlaprairie.ca\/en\/wp-json\/wp\/v2\/media?parent=5516"}],"wp:term":[{"taxonomy":"product_brand","embeddable":true,"href":"https:\/\/absolutlaprairie.ca\/en\/wp-json\/wp\/v2\/product_brand?post=5516"},{"taxonomy":"product_cat","embeddable":true,"href":"https:\/\/absolutlaprairie.ca\/en\/wp-json\/wp\/v2\/product_cat?post=5516"},{"taxonomy":"product_tag","embeddable":true,"href":"https:\/\/absolutlaprairie.ca\/en\/wp-json\/wp\/v2\/product_tag?post=5516"}],"curies":[{"name":"wp","href":"https:\/\/api.w.org\/{rel}","templated":true}]}}