{"id":5499,"date":"2025-01-25T14:04:22","date_gmt":"2025-01-25T19:04:22","guid":{"rendered":"https:\/\/absolutlaprairie.ca\/?post_type=product&#038;p=5499"},"modified":"2026-02-24T14:18:34","modified_gmt":"2026-02-24T19:18:34","slug":"lorreto-professional-eau-de-cologne-apres-rasage-casual","status":"publish","type":"product","link":"https:\/\/absolutlaprairie.ca\/en\/product\/lorreto-professional-eau-de-cologne-apres-rasage-casual\/","title":{"rendered":"LORRETO PROFESSIONAL &#8211; Eau de Cologne Apr\u00e8s-Rasage &#8220;Casual&#8221; 250ml"},"content":{"rendered":"<p>Apportez une touche de fra\u00eecheur et de sophistication \u00e0 votre routine de rasage avec l\u2019<strong>Eau de Cologne Apr\u00e8s-Rasage &#8220;Casual&#8221;<\/strong> 400ml de <strong>LORRETO PROFESSIONAL<\/strong>. Cette fragrance tonifiante apaise la peau apr\u00e8s le rasage tout en offrant une sensation de fra\u00eecheur durable. Son parfum raffin\u00e9 et masculin est parfait pour un usage quotidien, laissant une empreinte \u00e9l\u00e9gante et d\u00e9contract\u00e9e.<\/p>\n<p><strong>Caract\u00e9ristiques :<\/strong><br \/>\n\u2714 <strong>Apaise et rafra\u00eechit la peau apr\u00e8s le rasage<\/strong><br \/>\n\u2714 <strong>Parfum subtil et masculin, id\u00e9al pour un usage quotidien<\/strong><br \/>\n\u2714 <strong>Formule l\u00e9g\u00e8re qui p\u00e9n\u00e8tre rapidement sans laisser de r\u00e9sidus gras<\/strong><br \/>\n\u2714 <strong>Convient \u00e0 tous types de peau<\/strong><br \/>\n\u2714 <strong>Format pratique de 250ml ml avec vaporisateur<\/strong><\/p>\n<p>Ajoutez cette eau de cologne apr\u00e8s-rasage \u00e0 votre routine pour une sensation de fra\u00eecheur et de bien-\u00eatre tout au long de la journ\u00e9e !<\/p>\n","protected":false},"excerpt":{"rendered":"<p>Apportez une touche de fra\u00eecheur et de sophistication \u00e0 votre routine de rasage avec l\u2019<strong>Eau de Cologne Apr\u00e8s-Rasage &#8220;Casual&#8221;<\/strong> de <strong>LORRETO PROFESSIONAL<\/strong>. Cette fragrance tonifiante apaise la peau apr\u00e8s le rasage tout en offrant une sensation de fra\u00eecheur durable. Son parfum raffin\u00e9 et masculin est parfait pour un usage quotidien, laissant une empreinte \u00e9l\u00e9gante et d\u00e9contract\u00e9e.<\/p>\n","protected":false},"featured_media":5502,"comment_status":"open","ping_status":"closed","template":"","meta":{"_acf_changed":false,"_seopress_robots_primary_cat":"none","_seopress_titles_title":"LORRETO PROFESSIONAL - Eau de Cologne Apr\u00e8s-Rasage \"Casual\"","_seopress_titles_desc":"","_seopress_robots_index":""},"product_brand":[],"product_cat":[70],"product_tag":[112,171],"class_list":{"0":"post-5499","1":"product","2":"type-product","3":"status-publish","4":"has-post-thumbnail","6":"product_cat-pommade-soins-pour-peau","7":"product_tag-aftershave","8":"product_tag-eau-de-cologne-apres-rasage","10":"first","11":"instock","12":"taxable","13":"shipping-taxable","14":"purchasable","15":"product-type-simple"},"acf":[],"_links":{"self":[{"href":"https:\/\/absolutlaprairie.ca\/en\/wp-json\/wp\/v2\/product\/5499","targetHints":{"allow":["GET"]}}],"collection":[{"href":"https:\/\/absolutlaprairie.ca\/en\/wp-json\/wp\/v2\/product"}],"about":[{"href":"https:\/\/absolutlaprairie.ca\/en\/wp-json\/wp\/v2\/types\/product"}],"replies":[{"embeddable":true,"href":"https:\/\/absolutlaprairie.ca\/en\/wp-json\/wp\/v2\/comments?post=5499"}],"wp:featuredmedia":[{"embeddable":true,"href":"https:\/\/absolutlaprairie.ca\/en\/wp-json\/wp\/v2\/media\/5502"}],"wp:attachment":[{"href":"https:\/\/absolutlaprairie.ca\/en\/wp-json\/wp\/v2\/media?parent=5499"}],"wp:term":[{"taxonomy":"product_brand","embeddable":true,"href":"https:\/\/absolutlaprairie.ca\/en\/wp-json\/wp\/v2\/product_brand?post=5499"},{"taxonomy":"product_cat","embeddable":true,"href":"https:\/\/absolutlaprairie.ca\/en\/wp-json\/wp\/v2\/product_cat?post=5499"},{"taxonomy":"product_tag","embeddable":true,"href":"https:\/\/absolutlaprairie.ca\/en\/wp-json\/wp\/v2\/product_tag?post=5499"}],"curies":[{"name":"wp","href":"https:\/\/api.w.org\/{rel}","templated":true}]}}