{"id":5332,"date":"2024-12-16T14:00:48","date_gmt":"2024-12-16T19:00:48","guid":{"rendered":"https:\/\/absolutlaprairie.ca\/?post_type=product&#038;p=5332"},"modified":"2025-03-26T15:28:13","modified_gmt":"2025-03-26T20:28:13","slug":"johnny-b-gel-control-16-oz","status":"publish","type":"product","link":"https:\/\/absolutlaprairie.ca\/en\/product\/johnny-b-gel-control-16-oz\/","title":{"rendered":"JOHNNY B GEL CONTROL 16 OZ"},"content":{"rendered":"<p>Johnny B Gel Control<\/p>\n<p>Ce gel coiffant polyvalent conf\u00e8re une tenue solide \u00e0 tous les types de cheveux et ne s&#8217;\u00e9caille pas.<br \/>\nIl donne du volume aux cheveux fins, jamais gras, huileux ou collant et se rince facilement.<br \/>\nFormulation sans alcool<br \/>\nBon pour tous les types de cheveux<br \/>\nGel polyvalent<br \/>\nFrottez g\u00e9n\u00e9reusement entre les mains et appliquez uniform\u00e9ment sur les cheveux mouill\u00e9s ou secs.<br \/>\nCoiffez au besoin. S\u00e9chez au s\u00e8che-cheveux pour de meilleurs r\u00e9sultats.<br \/>\nNiveau de maintien : 6\/10<br \/>\nNiveau de brillance : 8\/10<\/p>\n<p>Taille disponible : 454 G<\/p>\n","protected":false},"excerpt":{"rendered":"<p>Johnny B Gel Control Ce gel coiffant polyvalent conf\u00e8re une tenue solide \u00e0 tous les types de cheveux et ne s&#8217;\u00e9caille pas. Il donne du volume aux cheveux fins, jamais gras, huileux ou collant et se rince facilement. Formulation sans alcool Bon pour tous les types de cheveux Gel polyvalent Frottez g\u00e9n\u00e9reusement entre les mains [&hellip;]<\/p>\n","protected":false},"featured_media":5335,"comment_status":"open","ping_status":"closed","template":"","meta":{"_acf_changed":false,"_seopress_robots_primary_cat":"none","_seopress_titles_title":"JOHNNY B GEL CONTROL 16 OZ","_seopress_titles_desc":"","_seopress_robots_index":""},"product_brand":[],"product_cat":[70],"product_tag":[181,164],"class_list":{"0":"post-5332","1":"product","2":"type-product","3":"status-publish","4":"has-post-thumbnail","6":"product_cat-pommade-soins-pour-peau","7":"product_tag-gel","8":"product_tag-gel-coiffant","10":"first","11":"instock","12":"taxable","13":"shipping-taxable","14":"purchasable","15":"product-type-simple"},"acf":[],"_links":{"self":[{"href":"https:\/\/absolutlaprairie.ca\/en\/wp-json\/wp\/v2\/product\/5332","targetHints":{"allow":["GET"]}}],"collection":[{"href":"https:\/\/absolutlaprairie.ca\/en\/wp-json\/wp\/v2\/product"}],"about":[{"href":"https:\/\/absolutlaprairie.ca\/en\/wp-json\/wp\/v2\/types\/product"}],"replies":[{"embeddable":true,"href":"https:\/\/absolutlaprairie.ca\/en\/wp-json\/wp\/v2\/comments?post=5332"}],"wp:featuredmedia":[{"embeddable":true,"href":"https:\/\/absolutlaprairie.ca\/en\/wp-json\/wp\/v2\/media\/5335"}],"wp:attachment":[{"href":"https:\/\/absolutlaprairie.ca\/en\/wp-json\/wp\/v2\/media?parent=5332"}],"wp:term":[{"taxonomy":"product_brand","embeddable":true,"href":"https:\/\/absolutlaprairie.ca\/en\/wp-json\/wp\/v2\/product_brand?post=5332"},{"taxonomy":"product_cat","embeddable":true,"href":"https:\/\/absolutlaprairie.ca\/en\/wp-json\/wp\/v2\/product_cat?post=5332"},{"taxonomy":"product_tag","embeddable":true,"href":"https:\/\/absolutlaprairie.ca\/en\/wp-json\/wp\/v2\/product_tag?post=5332"}],"curies":[{"name":"wp","href":"https:\/\/api.w.org\/{rel}","templated":true}]}}