{"id":4834,"date":"2024-07-17T10:19:37","date_gmt":"2024-07-17T15:19:37","guid":{"rendered":"https:\/\/absolutlaprairie.ca\/?post_type=product&#038;p=4834"},"modified":"2025-09-04T16:29:00","modified_gmt":"2025-09-04T21:29:00","slug":"babylisspro-fx787bp-mb-matt-black-boost-trimmer-with-dlc","status":"publish","type":"product","link":"https:\/\/absolutlaprairie.ca\/en\/product\/babylisspro-fx787bp-mb-matt-black-boost-trimmer-with-dlc\/","title":{"rendered":"BaBylissPRO &#8211; Matt Black BOOST+ Outlining Trimmer"},"content":{"rendered":"<div id=\"faq-heading1-01\" class=\"mb-2 border-bottom\">\n<h3>Description<\/h3>\n<div class=\"card-body\">\n<div id=\"collapsible-description-null\" class=\"value content\"><span dir=\"auto\">La tondeuse au lithium m\u00e9tal BaBylissPRO\u00ae Boost+ est dot\u00e9e d&#8217;un nouveau moteur sans balais \u00e0 vitesse et couple plus \u00e9lev\u00e9s &#8211; 7 200 tr\/min !<\/span><\/div>\n<\/div>\n<\/div>\n<div id=\"faq-heading2-01\" class=\"mb-2 border-bottom\">\n<h3>Caract\u00e9ristiques et avantages<\/h3>\n<div class=\"card-body\">\n<div class=\"features-list\">\n<ul>\n<li><span dir=\"auto\">Fonctionnement avec ou sans fil<\/span><\/li>\n<li><span dir=\"auto\">Moteur sans balais \u00e0 grande vitesse et \u00e0 couple \u00e9lev\u00e9 (7\u00a0200 tr\/min)<\/span><\/li>\n<li><span dir=\"auto\">Lame en T expos\u00e9e \u00e0 360\u00b0 \u00e0 dents profondes DLC (Diamond Like Carbon) (outil \u00e0 espacement nul inclus)<\/span><\/li>\n<li><span dir=\"auto\">Batterie lithium-ion 3300 mAh (autonomie de 4 heures)<\/span><\/li>\n<li><span dir=\"auto\">Poign\u00e9e en caoutchouc textur\u00e9e en diamant<\/span><\/li>\n<li><span dir=\"auto\">Bo\u00eetier enti\u00e8rement m\u00e9tallique<\/span><\/li>\n<li><span dir=\"auto\">Double tension<\/span><\/li>\n<li><span dir=\"auto\">Crochet de suspension<\/span><\/li>\n<li><span dir=\"auto\">Lame de rechange : FX707BD2 (vendue s\u00e9par\u00e9ment)<\/span><\/li>\n<li><span dir=\"auto\">Garantie limit\u00e9e de 2 ans<\/span><\/li>\n<\/ul>\n<\/div>\n<\/div>\n<\/div>\n","protected":false},"excerpt":{"rendered":"<p>Description La tondeuse au lithium m\u00e9tal BaBylissPRO\u00ae Boost+ est dot\u00e9e d&#8217;un nouveau moteur sans balais \u00e0 vitesse et couple plus \u00e9lev\u00e9s &#8211; 7 200 tr\/min ! Caract\u00e9ristiques et avantages Fonctionnement avec ou sans fil Moteur sans balais \u00e0 grande vitesse et \u00e0 couple \u00e9lev\u00e9 (7\u00a0200 tr\/min) Lame en T expos\u00e9e \u00e0 360\u00b0 \u00e0 dents profondes [&hellip;]<\/p>\n","protected":false},"featured_media":6465,"comment_status":"open","ping_status":"closed","template":"","meta":{"_acf_changed":false,"_seopress_robots_primary_cat":"none","_seopress_titles_title":"","_seopress_titles_desc":"","_seopress_robots_index":""},"product_brand":[],"product_cat":[69],"product_tag":[107],"class_list":{"0":"post-4834","1":"product","2":"type-product","3":"status-publish","4":"has-post-thumbnail","6":"product_cat-tondeuse-sechoir","7":"product_tag-trimmers","9":"first","10":"instock","11":"taxable","12":"shipping-taxable","13":"purchasable","14":"product-type-simple"},"acf":[],"_links":{"self":[{"href":"https:\/\/absolutlaprairie.ca\/en\/wp-json\/wp\/v2\/product\/4834","targetHints":{"allow":["GET"]}}],"collection":[{"href":"https:\/\/absolutlaprairie.ca\/en\/wp-json\/wp\/v2\/product"}],"about":[{"href":"https:\/\/absolutlaprairie.ca\/en\/wp-json\/wp\/v2\/types\/product"}],"replies":[{"embeddable":true,"href":"https:\/\/absolutlaprairie.ca\/en\/wp-json\/wp\/v2\/comments?post=4834"}],"wp:featuredmedia":[{"embeddable":true,"href":"https:\/\/absolutlaprairie.ca\/en\/wp-json\/wp\/v2\/media\/6465"}],"wp:attachment":[{"href":"https:\/\/absolutlaprairie.ca\/en\/wp-json\/wp\/v2\/media?parent=4834"}],"wp:term":[{"taxonomy":"product_brand","embeddable":true,"href":"https:\/\/absolutlaprairie.ca\/en\/wp-json\/wp\/v2\/product_brand?post=4834"},{"taxonomy":"product_cat","embeddable":true,"href":"https:\/\/absolutlaprairie.ca\/en\/wp-json\/wp\/v2\/product_cat?post=4834"},{"taxonomy":"product_tag","embeddable":true,"href":"https:\/\/absolutlaprairie.ca\/en\/wp-json\/wp\/v2\/product_tag?post=4834"}],"curies":[{"name":"wp","href":"https:\/\/api.w.org\/{rel}","templated":true}]}}