{"id":4826,"date":"2024-07-17T10:15:37","date_gmt":"2024-07-17T15:15:37","guid":{"rendered":"https:\/\/absolutlaprairie.ca\/?post_type=product&#038;p=4826"},"modified":"2025-09-03T12:48:42","modified_gmt":"2025-09-03T17:48:42","slug":"babyliss-pro-fx3-professional-high-torque-cordless-trimmer-fxx3t","status":"publish","type":"product","link":"https:\/\/absolutlaprairie.ca\/en\/product\/babyliss-pro-fx3-professional-high-torque-cordless-trimmer-fxx3t\/","title":{"rendered":"BaBylissPRO &#8211; FX3 High Torque Trimmer"},"content":{"rendered":"<div id=\"faq-heading1-01\" class=\"mb-2 border-bottom\">\n<h3>Description<\/h3>\n<div class=\"card-body\">\n<div id=\"collapsible-description-null\" class=\"value content\">\u00c9quip\u00e9 d&#8217;un moteur \u00e0 couple \u00e9lev\u00e9 avanc\u00e9, d&#8217;un bo\u00eetier europ\u00e9en ergonomique ultra-mince et d&#8217;une surface de pr\u00e9hension unique en carbone. La collection FX3 de BaBylissPRO\u00ae est la combinaison parfaite de PUISSANCE, de DESIGN et de PERFORMANCE DE COUPE.<\/div>\n<\/div>\n<\/div>\n<div id=\"faq-heading2-01\" class=\"mb-2 border-bottom\">\n<div class=\"card-header border pr-0 border-0\"><\/div>\n<h3>Caract\u00e9ristiques et avantages<\/h3>\n<div class=\"card-body\">\n<div class=\"features-list\">\n<ul>\n<li>Fonctionnement avec ou sans \ufb01l<\/li>\n<li>Moteur sans balai \u00e0 couple \u00e9lev\u00e9 de haut rendement<\/li>\n<li>Lame en \u00ab T \u00bb en DLC\/Titane r\u00e9glable \u00e0 z\u00e9ro avec lame expos\u00e9e sur 360\u00b0 (Lame de remplacement: FX703G)<\/li>\n<li>Pile au polym\u00e8re de lithium (Autonomie de 3 heures)<\/li>\n<li>Indicateur de charge DEL \u00e0 4 niveaux<\/li>\n<li>7,200 tr\/min<\/li>\n<li>Conception ergonomique ultra-mince<\/li>\n<li>Bitension<\/li>\n<li>Chargeur<\/li>\n<li>Anneau et sangle d\u2019accrochage inclus<\/li>\n<\/ul>\n<\/div>\n<\/div>\n<\/div>\n","protected":false},"excerpt":{"rendered":"<p>Description \u00c9quip\u00e9 d&#8217;un moteur \u00e0 couple \u00e9lev\u00e9 avanc\u00e9, d&#8217;un bo\u00eetier europ\u00e9en ergonomique ultra-mince et d&#8217;une surface de pr\u00e9hension unique en carbone. La collection FX3 de BaBylissPRO\u00ae est la combinaison parfaite de PUISSANCE, de DESIGN et de PERFORMANCE DE COUPE. Caract\u00e9ristiques et avantages Fonctionnement avec ou sans \ufb01l Moteur sans balai \u00e0 couple \u00e9lev\u00e9 de haut [&hellip;]<\/p>\n","protected":false},"featured_media":4828,"comment_status":"open","ping_status":"closed","template":"","meta":{"_acf_changed":false,"_seopress_robots_primary_cat":"none","_seopress_titles_title":"","_seopress_titles_desc":"","_seopress_robots_index":""},"product_brand":[],"product_cat":[69],"product_tag":[107],"class_list":{"0":"post-4826","1":"product","2":"type-product","3":"status-publish","4":"has-post-thumbnail","6":"product_cat-tondeuse-sechoir","7":"product_tag-trimmers","9":"first","10":"instock","11":"taxable","12":"shipping-taxable","13":"purchasable","14":"product-type-simple"},"acf":[],"_links":{"self":[{"href":"https:\/\/absolutlaprairie.ca\/en\/wp-json\/wp\/v2\/product\/4826","targetHints":{"allow":["GET"]}}],"collection":[{"href":"https:\/\/absolutlaprairie.ca\/en\/wp-json\/wp\/v2\/product"}],"about":[{"href":"https:\/\/absolutlaprairie.ca\/en\/wp-json\/wp\/v2\/types\/product"}],"replies":[{"embeddable":true,"href":"https:\/\/absolutlaprairie.ca\/en\/wp-json\/wp\/v2\/comments?post=4826"}],"wp:featuredmedia":[{"embeddable":true,"href":"https:\/\/absolutlaprairie.ca\/en\/wp-json\/wp\/v2\/media\/4828"}],"wp:attachment":[{"href":"https:\/\/absolutlaprairie.ca\/en\/wp-json\/wp\/v2\/media?parent=4826"}],"wp:term":[{"taxonomy":"product_brand","embeddable":true,"href":"https:\/\/absolutlaprairie.ca\/en\/wp-json\/wp\/v2\/product_brand?post=4826"},{"taxonomy":"product_cat","embeddable":true,"href":"https:\/\/absolutlaprairie.ca\/en\/wp-json\/wp\/v2\/product_cat?post=4826"},{"taxonomy":"product_tag","embeddable":true,"href":"https:\/\/absolutlaprairie.ca\/en\/wp-json\/wp\/v2\/product_tag?post=4826"}],"curies":[{"name":"wp","href":"https:\/\/api.w.org\/{rel}","templated":true}]}}