{"id":4761,"date":"2024-07-16T15:26:00","date_gmt":"2024-07-16T20:26:00","guid":{"rendered":"https:\/\/absolutlaprairie.ca\/?post_type=product&#038;p=4761"},"modified":"2026-02-24T14:38:56","modified_gmt":"2026-02-24T19:38:56","slug":"babylisspro-fx3-matte-black-professional-high-speed-foil-shaver","status":"publish","type":"product","link":"https:\/\/absolutlaprairie.ca\/en\/product\/babylisspro-fx3-matte-black-professional-high-speed-foil-shaver\/","title":{"rendered":"BaBylissPRO &#8211; FX3 Double Foil Shaver (Black)"},"content":{"rendered":"<div id=\"faq-heading1-01\" class=\"mb-2 border-bottom\">\n<div class=\"card-header border pr-0 border-0\"><button class=\"btn-header-link px-0 row collapsed\" data-target=\"#faq-collapse1-01\" aria-expanded=\"false\" aria-controls=\"faq-collapse1-01\"><span class=\"px-0 col-6\"><span dir=\"auto\">Description<\/span><\/span><\/button><\/div>\n<div class=\"card-body\">\n<div id=\"collapsible-description-null\" class=\"value content\"><span dir=\"auto\">Rasoir professionnel \u00e0 grille, grand format, \u00e9quip\u00e9 d&#8217;un puissant moteur rotatif. Il offre un rasage de pr\u00e8s et de pr\u00e9cision sur le visage, le cou et la racine des cheveux, et estompe parfaitement les poils sur les zones chauves.<\/span><\/div>\n<\/div>\n<\/div>\n<div id=\"faq-heading2-01\" class=\"mb-2 border-bottom\">\n<div class=\"card-header border pr-0 border-0\"><button class=\"btn-header-link px-0 row collapsed\" data-toggle=\"collapse\" data-target=\"#faq-collapse2-01\" aria-expanded=\"false\" aria-controls=\"faq-collapse2-01\"><span class=\"d-none d-lg-block col-6 px-0\"><span dir=\"auto\">Caract\u00e9ristiques et avantages<\/span><\/span><\/button><\/div>\n<div class=\"card-body\">\n<div class=\"features-list\"><span dir=\"auto\">\u2022 Fonctionnement avec ou sans fil (autonomie de 3 heures)<\/span><br \/>\n<span dir=\"auto\">\u2022 Moteur rotatif puissant<\/span><br \/>\n<span dir=\"auto\">\u2022 Syst\u00e8me de double feuille d\u00e9cal\u00e9e<\/span><br \/>\n<span dir=\"auto\">\u2022 Feuilles de titane hypoallerg\u00e9niques de couleur or<\/span><br \/>\n<span dir=\"auto\">\u2022 Indicateur de batterie LED \u00e0 4 niveaux<\/span><br \/>\n<span dir=\"auto\">\u2022 Couvercle\/arr\u00eat automatique<\/span><br \/>\n<span dir=\"auto\">\u2022 Crochet de suspension<\/span><br \/>\n<span dir=\"auto\">\u2022 Sangle et pochette de rangement incluses<\/span><\/div>\n<\/div>\n<\/div>\n","protected":false},"excerpt":{"rendered":"<p>Description Rasoir professionnel \u00e0 grille, grand format, \u00e9quip\u00e9 d&#8217;un puissant moteur rotatif. Il offre un rasage de pr\u00e8s et de pr\u00e9cision sur le visage, le cou et la racine des cheveux, et estompe parfaitement les poils sur les zones chauves. Caract\u00e9ristiques et avantages \u2022 Fonctionnement avec ou sans fil (autonomie de 3 heures) \u2022 Moteur [&hellip;]<\/p>\n","protected":false},"featured_media":4763,"comment_status":"open","ping_status":"closed","template":"","meta":{"_acf_changed":false,"_seopress_robots_primary_cat":"none","_seopress_titles_title":"","_seopress_titles_desc":"","_seopress_robots_index":""},"product_brand":[],"product_cat":[69],"product_tag":[108],"class_list":{"0":"post-4761","1":"product","2":"type-product","3":"status-publish","4":"has-post-thumbnail","6":"product_cat-tondeuse-sechoir","7":"product_tag-shavers-2","9":"first","10":"instock","11":"taxable","12":"shipping-taxable","13":"purchasable","14":"product-type-simple"},"acf":[],"_links":{"self":[{"href":"https:\/\/absolutlaprairie.ca\/en\/wp-json\/wp\/v2\/product\/4761","targetHints":{"allow":["GET"]}}],"collection":[{"href":"https:\/\/absolutlaprairie.ca\/en\/wp-json\/wp\/v2\/product"}],"about":[{"href":"https:\/\/absolutlaprairie.ca\/en\/wp-json\/wp\/v2\/types\/product"}],"replies":[{"embeddable":true,"href":"https:\/\/absolutlaprairie.ca\/en\/wp-json\/wp\/v2\/comments?post=4761"}],"wp:featuredmedia":[{"embeddable":true,"href":"https:\/\/absolutlaprairie.ca\/en\/wp-json\/wp\/v2\/media\/4763"}],"wp:attachment":[{"href":"https:\/\/absolutlaprairie.ca\/en\/wp-json\/wp\/v2\/media?parent=4761"}],"wp:term":[{"taxonomy":"product_brand","embeddable":true,"href":"https:\/\/absolutlaprairie.ca\/en\/wp-json\/wp\/v2\/product_brand?post=4761"},{"taxonomy":"product_cat","embeddable":true,"href":"https:\/\/absolutlaprairie.ca\/en\/wp-json\/wp\/v2\/product_cat?post=4761"},{"taxonomy":"product_tag","embeddable":true,"href":"https:\/\/absolutlaprairie.ca\/en\/wp-json\/wp\/v2\/product_tag?post=4761"}],"curies":[{"name":"wp","href":"https:\/\/api.w.org\/{rel}","templated":true}]}}