{"id":4745,"date":"2024-07-16T15:16:31","date_gmt":"2024-07-16T20:16:31","guid":{"rendered":"https:\/\/absolutlaprairie.ca\/?post_type=product&#038;p=4745"},"modified":"2025-08-29T10:45:16","modified_gmt":"2025-08-29T15:45:16","slug":"babyliss-pro-uvfoil-double-foil-cordless-shaver-model-fxlfs2","status":"publish","type":"product","link":"https:\/\/absolutlaprairie.ca\/en\/product\/babyliss-pro-uvfoil-double-foil-cordless-shaver-model-fxlfs2\/","title":{"rendered":"BaByliss Pro &#8211; UV Disinfecting Metal Foil Shaver"},"content":{"rendered":"<h3>Caract\u00e9ristiques et avantages<\/h3>\n<div class=\"card-body\">\n<div class=\"features-list\">\n<ul>\n<li><span dir=\"auto\">Fonctionnement avec ou sans fil<\/span><\/li>\n<li><span dir=\"auto\">Syst\u00e8me \u00e0 double feuille d\u00e9cal\u00e9e<\/span><\/li>\n<li><span dir=\"auto\">Feuilles de titane noires hypoallerg\u00e9niques<\/span><\/li>\n<li><span dir=\"auto\">Lames de contre-coupe doubles<\/span><\/li>\n<li><span dir=\"auto\">Couvercle d\u00e9sinfectant UV* avec indicateur de lumi\u00e8re UV et arr\u00eat automatique<\/span><\/li>\n<li><span dir=\"auto\">Moteur haute vitesse de 10 000 tr\/min<\/span><\/li>\n<li><span dir=\"auto\">Bo\u00eetier m\u00e9tallique \u00e9l\u00e9gant avec poign\u00e9e ergonomique<\/span><\/li>\n<li><span dir=\"auto\">Batterie lithium-ion haute capacit\u00e9 avec plus de 5,5 heures d&#8217;autonomie<\/span><\/li>\n<li><span dir=\"auto\">Ports de charge standard et USB-C<\/span><\/li>\n<li><span dir=\"auto\">Garantie de 2 ans<\/span><\/li>\n<li><span dir=\"auto\">Grilles et cutter de rechange\u00a0: FXLRF2 (vendus s\u00e9par\u00e9ment)<\/span><\/li>\n<\/ul>\n<\/div>\n<\/div>\n","protected":false},"excerpt":{"rendered":"<p>Caract\u00e9ristiques et avantages Fonctionnement avec ou sans fil Syst\u00e8me \u00e0 double feuille d\u00e9cal\u00e9e Feuilles de titane noires hypoallerg\u00e9niques Lames de contre-coupe doubles Couvercle d\u00e9sinfectant UV* avec indicateur de lumi\u00e8re UV et arr\u00eat automatique Moteur haute vitesse de 10 000 tr\/min Bo\u00eetier m\u00e9tallique \u00e9l\u00e9gant avec poign\u00e9e ergonomique Batterie lithium-ion haute capacit\u00e9 avec plus de 5,5 heures [&hellip;]<\/p>\n","protected":false},"featured_media":6340,"comment_status":"open","ping_status":"closed","template":"","meta":{"_acf_changed":false,"_seopress_robots_primary_cat":"none","_seopress_titles_title":"","_seopress_titles_desc":"","_seopress_robots_index":""},"product_brand":[],"product_cat":[69],"product_tag":[108],"class_list":{"0":"post-4745","1":"product","2":"type-product","3":"status-publish","4":"has-post-thumbnail","6":"product_cat-tondeuse-sechoir","7":"product_tag-shavers-2","9":"first","10":"instock","11":"taxable","12":"shipping-taxable","13":"purchasable","14":"product-type-simple"},"acf":[],"_links":{"self":[{"href":"https:\/\/absolutlaprairie.ca\/en\/wp-json\/wp\/v2\/product\/4745","targetHints":{"allow":["GET"]}}],"collection":[{"href":"https:\/\/absolutlaprairie.ca\/en\/wp-json\/wp\/v2\/product"}],"about":[{"href":"https:\/\/absolutlaprairie.ca\/en\/wp-json\/wp\/v2\/types\/product"}],"replies":[{"embeddable":true,"href":"https:\/\/absolutlaprairie.ca\/en\/wp-json\/wp\/v2\/comments?post=4745"}],"wp:featuredmedia":[{"embeddable":true,"href":"https:\/\/absolutlaprairie.ca\/en\/wp-json\/wp\/v2\/media\/6340"}],"wp:attachment":[{"href":"https:\/\/absolutlaprairie.ca\/en\/wp-json\/wp\/v2\/media?parent=4745"}],"wp:term":[{"taxonomy":"product_brand","embeddable":true,"href":"https:\/\/absolutlaprairie.ca\/en\/wp-json\/wp\/v2\/product_brand?post=4745"},{"taxonomy":"product_cat","embeddable":true,"href":"https:\/\/absolutlaprairie.ca\/en\/wp-json\/wp\/v2\/product_cat?post=4745"},{"taxonomy":"product_tag","embeddable":true,"href":"https:\/\/absolutlaprairie.ca\/en\/wp-json\/wp\/v2\/product_tag?post=4745"}],"curies":[{"name":"wp","href":"https:\/\/api.w.org\/{rel}","templated":true}]}}