{"id":4741,"date":"2024-07-16T15:13:40","date_gmt":"2024-07-16T20:13:40","guid":{"rendered":"https:\/\/absolutlaprairie.ca\/?post_type=product&#038;p=4741"},"modified":"2025-09-06T14:41:16","modified_gmt":"2025-09-06T19:41:16","slug":"babyliss-pro-fx3-red-double-foil-shaver-fxx3s","status":"publish","type":"product","link":"https:\/\/absolutlaprairie.ca\/en\/product\/babyliss-pro-fx3-red-double-foil-shaver-fxx3s\/","title":{"rendered":"BaBylissPRO &#8211; FX3 Double Foil Shaver (Red)"},"content":{"rendered":"<h3 class=\"customProductName\">BaBylissPRO FX3 Cord\/cordless High Speed Double Foil Shaver (Red)<\/h3>\n<div id=\"faq-heading1-01\" class=\"mb-2 border-bottom\">\n<div class=\"card-header border pr-0 border-0\"><button class=\"btn-header-link px-0 row collapsed\" data-target=\"#faq-collapse1-01\" aria-expanded=\"false\" aria-controls=\"faq-collapse1-01\"><span class=\"px-0 col-6\"><span dir=\"auto\">Description<\/span><\/span><\/button><\/div>\n<div class=\"card-body\">\n<div id=\"collapsible-description-null\" class=\"value content\"><span dir=\"auto\">Le rasoir \u00e0 grille BaBylissPRO FX3 avec ou sans fil est \u00e9quip\u00e9 d&#8217;un moteur rotatif haute vitesse. Il offre un rasage de pr\u00e8s et de pr\u00e8s du visage, du cou et de la racine des cheveux, et estompe parfaitement les poils sur les zones chauves.<\/span><\/div>\n<\/div>\n<\/div>\n<div id=\"faq-heading2-01\" class=\"mb-2 border-bottom\">\n<div class=\"card-header border pr-0 border-0\"><button class=\"btn-header-link px-0 row collapsed\" data-toggle=\"collapse\" data-target=\"#faq-collapse2-01\" aria-expanded=\"false\" aria-controls=\"faq-collapse2-01\"><span class=\"d-none d-lg-block col-6 px-0\"><span dir=\"auto\">Caract\u00e9ristiques et avantages<\/span><\/span><\/button><\/div>\n<div class=\"card-body\">\n<div class=\"features-list\">\n<ul>\n<li><span dir=\"auto\">\u00a0\u00a0 \u00a0Fonctionnement avec ou sans fil (autonomie de 3 heures)<\/span><\/li>\n<li><span dir=\"auto\">\u00a0\u00a0 \u00a0Moteur rotatif \u00e0 grande vitesse &#8211; 10 000 tr\/min\u00a0<\/span><\/li>\n<li><span dir=\"auto\">\u00a0\u00a0 \u00a0Syst\u00e8me de double feuille d\u00e9cal\u00e9e\u00a0<\/span><\/li>\n<li><span dir=\"auto\">\u00a0\u00a0 \u00a0Feuilles de titane hypoallerg\u00e9niques couleur or (feuille de remplacement n\u00b0 FXX3RF)<\/span><\/li>\n<li><span dir=\"auto\">\u00a0\u00a0 \u00a0Batterie lithium-ion\u00a0<\/span><\/li>\n<li><span dir=\"auto\">\u00a0\u00a0 \u00a0Indicateur de batterie LED \u00e0 4 niveaux\u00a0<\/span><\/li>\n<li><span dir=\"auto\">\u00a0\u00a0 \u00a0Couverture\/arr\u00eat automatique\u00a0<\/span><\/li>\n<li><span dir=\"auto\">\u00a0\u00a0 \u00a0Conception ergonomique\u00a0<\/span><\/li>\n<li><span dir=\"auto\">\u00a0\u00a0 \u00a0Crochet de suspension, sangle et pochette de rangement inclus\u00a0<\/span><\/li>\n<\/ul>\n<\/div>\n<\/div>\n<\/div>\n","protected":false},"excerpt":{"rendered":"<p>BaBylissPRO FX3 Cord\/cordless High Speed Double Foil Shaver (Red) Description Le rasoir \u00e0 grille BaBylissPRO FX3 avec ou sans fil est \u00e9quip\u00e9 d&#8217;un moteur rotatif haute vitesse. Il offre un rasage de pr\u00e8s et de pr\u00e8s du visage, du cou et de la racine des cheveux, et estompe parfaitement les poils sur les zones chauves. [&hellip;]<\/p>\n","protected":false},"featured_media":4743,"comment_status":"open","ping_status":"closed","template":"","meta":{"_acf_changed":false,"_seopress_robots_primary_cat":"none","_seopress_titles_title":"","_seopress_titles_desc":"","_seopress_robots_index":""},"product_brand":[],"product_cat":[69],"product_tag":[108],"class_list":{"0":"post-4741","1":"product","2":"type-product","3":"status-publish","4":"has-post-thumbnail","6":"product_cat-tondeuse-sechoir","7":"product_tag-shavers-2","9":"first","10":"instock","11":"taxable","12":"shipping-taxable","13":"purchasable","14":"product-type-simple"},"acf":[],"_links":{"self":[{"href":"https:\/\/absolutlaprairie.ca\/en\/wp-json\/wp\/v2\/product\/4741","targetHints":{"allow":["GET"]}}],"collection":[{"href":"https:\/\/absolutlaprairie.ca\/en\/wp-json\/wp\/v2\/product"}],"about":[{"href":"https:\/\/absolutlaprairie.ca\/en\/wp-json\/wp\/v2\/types\/product"}],"replies":[{"embeddable":true,"href":"https:\/\/absolutlaprairie.ca\/en\/wp-json\/wp\/v2\/comments?post=4741"}],"wp:featuredmedia":[{"embeddable":true,"href":"https:\/\/absolutlaprairie.ca\/en\/wp-json\/wp\/v2\/media\/4743"}],"wp:attachment":[{"href":"https:\/\/absolutlaprairie.ca\/en\/wp-json\/wp\/v2\/media?parent=4741"}],"wp:term":[{"taxonomy":"product_brand","embeddable":true,"href":"https:\/\/absolutlaprairie.ca\/en\/wp-json\/wp\/v2\/product_brand?post=4741"},{"taxonomy":"product_cat","embeddable":true,"href":"https:\/\/absolutlaprairie.ca\/en\/wp-json\/wp\/v2\/product_cat?post=4741"},{"taxonomy":"product_tag","embeddable":true,"href":"https:\/\/absolutlaprairie.ca\/en\/wp-json\/wp\/v2\/product_tag?post=4741"}],"curies":[{"name":"wp","href":"https:\/\/api.w.org\/{rel}","templated":true}]}}