{"id":4697,"date":"2024-07-16T14:50:56","date_gmt":"2024-07-16T19:50:56","guid":{"rendered":"https:\/\/absolutlaprairie.ca\/?post_type=product&#038;p=4697"},"modified":"2025-09-03T13:18:20","modified_gmt":"2025-09-03T18:18:20","slug":"babyliss-pro-hairdryer-ferrari-volare-v1-babfrv1c","status":"publish","type":"product","link":"https:\/\/absolutlaprairie.ca\/en\/product\/babyliss-pro-hairdryer-ferrari-volare-v1-babfrv1c\/","title":{"rendered":"BaBylissPRO &#8211; Ferrari &#8220;Volare&#8221; Hairdryer"},"content":{"rendered":"<div id=\"faq-heading1-01\" class=\"mb-2 border-bottom\">\n<h3>Description<\/h3>\n<div class=\"card-body\">\n<div id=\"collapsible-description-null\" class=\"value content\"><span dir=\"auto\">Le s\u00e8che-cheveux Volare ultra-efficace d\u00e9livre une pression d&#8217;air intense et int\u00e8gre un bouton turbo pour un jet d&#8217;air ultra-puissant et un s\u00e9chage ultra-rapide. Il est dot\u00e9 d&#8217;une grille en nano-titane pour une chaleur optimale et d&#8217;un g\u00e9n\u00e9rateur d&#8217;ions tri-port pour une brillance optimale.<\/span><\/div>\n<\/div>\n<\/div>\n<div id=\"faq-heading2-01\" class=\"mb-2 border-bottom\">\n<div class=\"card-header border pr-0 border-0\"><\/div>\n<h3>Caract\u00e9ristiques et avantages<\/h3>\n<div class=\"card-body\">\n<div class=\"features-list\">\n<ul>\n<li><span dir=\"auto\">Moteur \u00e0 courant alternatif italien longue dur\u00e9e<\/span><\/li>\n<li><span dir=\"auto\">G\u00e9n\u00e9rateur d&#8217;ions int\u00e9gr\u00e9<\/span><\/li>\n<li><span dir=\"auto\">2 vitesses et 3 r\u00e9glages de chaleur<\/span><\/li>\n<li><span dir=\"auto\">Tir turbo avec explosion instantan\u00e9e d&#8217;air puissant<\/span><\/li>\n<li><span dir=\"auto\">V\u00e9ritable air froid<\/span><\/li>\n<li><span dir=\"auto\">2 buses incluses<\/span><\/li>\n<li><span dir=\"auto\">1875 watts<\/span><\/li>\n<li><span dir=\"auto\">Fabriqu\u00e9 en Italie<\/span><\/li>\n<li><span dir=\"auto\">Compatible avec le diffuseur BABDF1<\/span><\/li>\n<li><span dir=\"auto\">\u00c9galement disponible en noir (BABFV1C)<\/span><\/li>\n<\/ul>\n<\/div>\n<\/div>\n<\/div>\n","protected":false},"excerpt":{"rendered":"<p>Description Le s\u00e8che-cheveux Volare ultra-efficace d\u00e9livre une pression d&#8217;air intense et int\u00e8gre un bouton turbo pour un jet d&#8217;air ultra-puissant et un s\u00e9chage ultra-rapide. Il est dot\u00e9 d&#8217;une grille en nano-titane pour une chaleur optimale et d&#8217;un g\u00e9n\u00e9rateur d&#8217;ions tri-port pour une brillance optimale. Caract\u00e9ristiques et avantages Moteur \u00e0 courant alternatif italien longue dur\u00e9e G\u00e9n\u00e9rateur [&hellip;]<\/p>\n","protected":false},"featured_media":4699,"comment_status":"open","ping_status":"closed","template":"","meta":{"_acf_changed":false,"_seopress_robots_primary_cat":"none","_seopress_titles_title":"","_seopress_titles_desc":"","_seopress_robots_index":""},"product_brand":[],"product_cat":[69],"product_tag":[109],"class_list":{"0":"post-4697","1":"product","2":"type-product","3":"status-publish","4":"has-post-thumbnail","6":"product_cat-tondeuse-sechoir","7":"product_tag-sechoir","9":"first","10":"instock","11":"taxable","12":"shipping-taxable","13":"purchasable","14":"product-type-simple"},"acf":[],"_links":{"self":[{"href":"https:\/\/absolutlaprairie.ca\/en\/wp-json\/wp\/v2\/product\/4697","targetHints":{"allow":["GET"]}}],"collection":[{"href":"https:\/\/absolutlaprairie.ca\/en\/wp-json\/wp\/v2\/product"}],"about":[{"href":"https:\/\/absolutlaprairie.ca\/en\/wp-json\/wp\/v2\/types\/product"}],"replies":[{"embeddable":true,"href":"https:\/\/absolutlaprairie.ca\/en\/wp-json\/wp\/v2\/comments?post=4697"}],"wp:featuredmedia":[{"embeddable":true,"href":"https:\/\/absolutlaprairie.ca\/en\/wp-json\/wp\/v2\/media\/4699"}],"wp:attachment":[{"href":"https:\/\/absolutlaprairie.ca\/en\/wp-json\/wp\/v2\/media?parent=4697"}],"wp:term":[{"taxonomy":"product_brand","embeddable":true,"href":"https:\/\/absolutlaprairie.ca\/en\/wp-json\/wp\/v2\/product_brand?post=4697"},{"taxonomy":"product_cat","embeddable":true,"href":"https:\/\/absolutlaprairie.ca\/en\/wp-json\/wp\/v2\/product_cat?post=4697"},{"taxonomy":"product_tag","embeddable":true,"href":"https:\/\/absolutlaprairie.ca\/en\/wp-json\/wp\/v2\/product_tag?post=4697"}],"curies":[{"name":"wp","href":"https:\/\/api.w.org\/{rel}","templated":true}]}}