{"id":4467,"date":"2024-07-16T11:58:11","date_gmt":"2024-07-16T16:58:11","guid":{"rendered":"https:\/\/absolutlaprairie.ca\/?post_type=product&#038;p=4467"},"modified":"2025-12-10T19:26:08","modified_gmt":"2025-12-11T00:26:08","slug":"babylisspro-metal-lithium-clipper-gold-model-fx870g","status":"publish","type":"product","link":"https:\/\/absolutlaprairie.ca\/en\/product\/babylisspro-metal-lithium-clipper-gold-model-fx870g\/","title":{"rendered":"Babyliss Pro &#8211; FXone GoldFX Clipper"},"content":{"rendered":"<h3><span dir=\"auto\">Tondeuse Babyliss Pro FXone GoldFX<\/span><\/h3>\n<p><span dir=\"auto\">La tondeuse \u00e0 cheveux FXone GoldFX FX899G est une tondeuse professionnelle enti\u00e8rement en m\u00e9tal avec batterie rempla\u00e7able. D\u00e9couvrez le nouveau moteur N1 sans balais \u00e0 double roulement \u00e0 billes pour une efficacit\u00e9 accrue. La tondeuse est \u00e9quip\u00e9e d&#8217;une batterie au lithium interchangeable avec bouton de d\u00e9verrouillage rapide et offre jusqu&#8217;\u00e0 2,5 heures d&#8217;autonomie. Chaque tondeuse est livr\u00e9e de s\u00e9rie avec une lame ultra-fine en m\u00e9tal moul\u00e9 par injection (MIM) Gold, dot\u00e9e d&#8217;un r\u00e9servoir d&#8217;huile pour une lubrification constante. Utilisez cette tondeuse \u00e0 cheveux professionnelle sans fil \u00e0 batterie au lithium pour couper les cheveux de toutes textures avec facilit\u00e9 et pr\u00e9cision.<\/span><\/p>\n<h3><span dir=\"auto\">Caract\u00e9ristiques:<\/span><\/h3>\n<ul>\n<li><span dir=\"auto\">Indicateur de batterie \u00e0 anneau LED \u00e0 4 niveaux<\/span><\/li>\n<li><span dir=\"auto\">Nouveau c\u00f4ne extensible verrouillable \u00e0 5 crans<\/span><\/li>\n<li><span dir=\"auto\">R\u00e9glable \u00e0 z\u00e9ro \u00e9cart<\/span><\/li>\n<li><span dir=\"auto\">Temp\u00e9rature de lame inf\u00e9rieure<\/span><\/li>\n<li><span dir=\"auto\">Nouveau bo\u00eetier enti\u00e8rement m\u00e9tallique am\u00e9lior\u00e9<\/span><\/li>\n<li><span dir=\"auto\">Repose-doigts ergonomique<\/span><\/li>\n<li><span dir=\"auto\">Porte-poche \u00e0 cheveux amovible<\/span><\/li>\n<li><span dir=\"auto\">Poign\u00e9e d&#8217;halt\u00e8re en m\u00e9tal molet\u00e9e<\/span><\/li>\n<li><span dir=\"auto\">Nouvel embout conique avec crochet de suspension cach\u00e9<\/span><\/li>\n<\/ul>\n","protected":false},"excerpt":{"rendered":"<p>Tondeuse Babyliss Pro FXone GoldFX La tondeuse \u00e0 cheveux FXone GoldFX FX899G est une tondeuse professionnelle enti\u00e8rement en m\u00e9tal avec batterie rempla\u00e7able. D\u00e9couvrez le nouveau moteur N1 sans balais \u00e0 double roulement \u00e0 billes pour une efficacit\u00e9 accrue. La tondeuse est \u00e9quip\u00e9e d&#8217;une batterie au lithium interchangeable avec bouton de d\u00e9verrouillage rapide et offre jusqu&#8217;\u00e0 [&hellip;]<\/p>\n","protected":false},"featured_media":6388,"comment_status":"open","ping_status":"closed","template":"","meta":{"_acf_changed":false,"_seopress_robots_primary_cat":"none","_seopress_titles_title":"","_seopress_titles_desc":"","_seopress_robots_index":""},"product_brand":[],"product_cat":[69],"product_tag":[106],"class_list":{"0":"post-4467","1":"product","2":"type-product","3":"status-publish","4":"has-post-thumbnail","6":"product_cat-tondeuse-sechoir","7":"product_tag-clippers-2","9":"first","10":"instock","11":"taxable","12":"shipping-taxable","13":"purchasable","14":"product-type-simple"},"acf":[],"_links":{"self":[{"href":"https:\/\/absolutlaprairie.ca\/en\/wp-json\/wp\/v2\/product\/4467","targetHints":{"allow":["GET"]}}],"collection":[{"href":"https:\/\/absolutlaprairie.ca\/en\/wp-json\/wp\/v2\/product"}],"about":[{"href":"https:\/\/absolutlaprairie.ca\/en\/wp-json\/wp\/v2\/types\/product"}],"replies":[{"embeddable":true,"href":"https:\/\/absolutlaprairie.ca\/en\/wp-json\/wp\/v2\/comments?post=4467"}],"wp:featuredmedia":[{"embeddable":true,"href":"https:\/\/absolutlaprairie.ca\/en\/wp-json\/wp\/v2\/media\/6388"}],"wp:attachment":[{"href":"https:\/\/absolutlaprairie.ca\/en\/wp-json\/wp\/v2\/media?parent=4467"}],"wp:term":[{"taxonomy":"product_brand","embeddable":true,"href":"https:\/\/absolutlaprairie.ca\/en\/wp-json\/wp\/v2\/product_brand?post=4467"},{"taxonomy":"product_cat","embeddable":true,"href":"https:\/\/absolutlaprairie.ca\/en\/wp-json\/wp\/v2\/product_cat?post=4467"},{"taxonomy":"product_tag","embeddable":true,"href":"https:\/\/absolutlaprairie.ca\/en\/wp-json\/wp\/v2\/product_tag?post=4467"}],"curies":[{"name":"wp","href":"https:\/\/api.w.org\/{rel}","templated":true}]}}