{"id":4431,"date":"2024-07-16T11:35:30","date_gmt":"2024-07-16T16:35:30","guid":{"rendered":"https:\/\/absolutlaprairie.ca\/?post_type=product&#038;p=4431"},"modified":"2025-09-08T13:21:28","modified_gmt":"2025-09-08T18:21:28","slug":"babylisspro-fxone-fx899g-goldfx-clipper","status":"publish","type":"product","link":"https:\/\/absolutlaprairie.ca\/en\/product\/babylisspro-fxone-fx899g-goldfx-clipper\/","title":{"rendered":"BaBylissPRO &#8211; GoldFX+ Metal Lithium Clipper"},"content":{"rendered":"<div id=\"faq-heading1-01\" class=\"mb-2 border-bottom\">\n<div class=\"card-header border pr-0 border-0\"><button class=\"btn-header-link px-0 row collapsed\" data-target=\"#faq-collapse1-01\" aria-expanded=\"false\" aria-controls=\"faq-collapse1-01\"><span class=\"px-0 col-6\"><span dir=\"auto\">Description<\/span><\/span><\/button><\/div>\n<div class=\"card-body\">\n<div id=\"collapsible-description-null\" class=\"value content\"><span dir=\"auto\">La collection embl\u00e9matique est de retour, plus performante que jamais. Avec son nouveau moteur sans balais N1 am\u00e9lior\u00e9, sa batterie lithium-ion haute capacit\u00e9 pour une autonomie prolong\u00e9e et sa nouvelle fonction de charge universelle USB-C, la nouvelle collection All-Metal de BaBylissPRO\u00ae est un incontournable pour tout barbier ou styliste.<\/span><\/div>\n<div><\/div>\n<\/div>\n<\/div>\n<div id=\"faq-heading2-01\" class=\"mb-2 border-bottom\">\n<div class=\"card-header border pr-0 border-0\"><button class=\"btn-header-link px-0 row collapsed\" data-toggle=\"collapse\" data-target=\"#faq-collapse2-01\" aria-expanded=\"false\" aria-controls=\"faq-collapse2-01\"><span class=\"d-none d-lg-block col-6 px-0\"><span dir=\"auto\">Caract\u00e9ristiques et avantages<\/span><\/span><\/button><\/div>\n<div class=\"card-body\">\n<div><\/div>\n<div class=\"features-list\"><b><span dir=\"auto\">\u2022 Moteur sans balais N1<\/span><br \/>\n<span dir=\"auto\">\u2022 Batterie lithium-ion de plus grande capacit\u00e9 (autonomie de 3 heures)<\/span><br \/>\n<span dir=\"auto\">\u2022 Ports de charge standard et USB-C<\/span><\/b><span dir=\"auto\">\u2022 Fonctionnement avec ou sans fil<\/span><br \/>\n<span dir=\"auto\">\u2022 Lame DLC\/titane<\/span><br \/>\n<span dir=\"auto\">\u2022 Contr\u00f4le de la conicit\u00e9 \u00e0 5 crans<\/span><br \/>\n<span dir=\"auto\">\u2022 Bo\u00eetier enti\u00e8rement m\u00e9tallique avec poign\u00e9e molet\u00e9e<\/span><br \/>\n<span dir=\"auto\">\u2022 Comprend 6 guides de coupe : 1\/16\u201d, 1\/8\u201d, 3\/16\u201d, 1\/4\u201d, 3\/8\u201d, 1\/2\u201d<\/span><br \/>\n<span dir=\"auto\">\u2022 Double tension<\/span><br \/>\n<span dir=\"auto\">\u2022 Crochet de suspension<\/span><\/p>\n<\/div>\n<\/div>\n<\/div>\n","protected":false},"excerpt":{"rendered":"<p>Description La collection embl\u00e9matique est de retour, plus performante que jamais. Avec son nouveau moteur sans balais N1 am\u00e9lior\u00e9, sa batterie lithium-ion haute capacit\u00e9 pour une autonomie prolong\u00e9e et sa nouvelle fonction de charge universelle USB-C, la nouvelle collection All-Metal de BaBylissPRO\u00ae est un incontournable pour tout barbier ou styliste. Caract\u00e9ristiques et avantages \u2022 Moteur [&hellip;]<\/p>\n","protected":false},"featured_media":6598,"comment_status":"open","ping_status":"closed","template":"","meta":{"_acf_changed":false,"_seopress_robots_primary_cat":"none","_seopress_titles_title":"","_seopress_titles_desc":"","_seopress_robots_index":""},"product_brand":[],"product_cat":[69],"product_tag":[106],"class_list":{"0":"post-4431","1":"product","2":"type-product","3":"status-publish","4":"has-post-thumbnail","6":"product_cat-tondeuse-sechoir","7":"product_tag-clippers-2","9":"first","10":"instock","11":"taxable","12":"shipping-taxable","13":"purchasable","14":"product-type-simple"},"acf":[],"_links":{"self":[{"href":"https:\/\/absolutlaprairie.ca\/en\/wp-json\/wp\/v2\/product\/4431","targetHints":{"allow":["GET"]}}],"collection":[{"href":"https:\/\/absolutlaprairie.ca\/en\/wp-json\/wp\/v2\/product"}],"about":[{"href":"https:\/\/absolutlaprairie.ca\/en\/wp-json\/wp\/v2\/types\/product"}],"replies":[{"embeddable":true,"href":"https:\/\/absolutlaprairie.ca\/en\/wp-json\/wp\/v2\/comments?post=4431"}],"wp:featuredmedia":[{"embeddable":true,"href":"https:\/\/absolutlaprairie.ca\/en\/wp-json\/wp\/v2\/media\/6598"}],"wp:attachment":[{"href":"https:\/\/absolutlaprairie.ca\/en\/wp-json\/wp\/v2\/media?parent=4431"}],"wp:term":[{"taxonomy":"product_brand","embeddable":true,"href":"https:\/\/absolutlaprairie.ca\/en\/wp-json\/wp\/v2\/product_brand?post=4431"},{"taxonomy":"product_cat","embeddable":true,"href":"https:\/\/absolutlaprairie.ca\/en\/wp-json\/wp\/v2\/product_cat?post=4431"},{"taxonomy":"product_tag","embeddable":true,"href":"https:\/\/absolutlaprairie.ca\/en\/wp-json\/wp\/v2\/product_tag?post=4431"}],"curies":[{"name":"wp","href":"https:\/\/api.w.org\/{rel}","templated":true}]}}