{"id":4419,"date":"2024-07-16T11:19:17","date_gmt":"2024-07-16T16:19:17","guid":{"rendered":"https:\/\/absolutlaprairie.ca\/?post_type=product&#038;p=4419"},"modified":"2026-02-24T14:40:10","modified_gmt":"2026-02-24T19:40:10","slug":"babyliss-lo-pro-fx-collection-fx825-high-performance-clipper","status":"publish","type":"product","link":"https:\/\/absolutlaprairie.ca\/en\/product\/babyliss-lo-pro-fx-collection-fx825-high-performance-clipper\/","title":{"rendered":"BaBylissPRO &#8211; LoPROFX High Performance Low Profile Clipper"},"content":{"rendered":"<div id=\"faq-heading1-01\" class=\"mb-2 border-bottom\">\n<div class=\"card-body\">\n<div id=\"collapsible-description-null\" class=\"value content\"><span dir=\"auto\">La tondeuse LoPROFX est dot\u00e9e d&#8217;un capot m\u00e9tallique ultra-plat et d&#8217;une poign\u00e9e ergonomique. Elle est aliment\u00e9e par un moteur brushless haute performance de 6\u00a0800 tr\/min et une batterie lithium-ion haute capacit\u00e9 de 3\u00a0300 mAh. Son design et sa puissance sont compl\u00e9t\u00e9s par une lame basse temp\u00e9rature. LoPROFX, la machine id\u00e9ale pour une sensation de coupe optimale, une puissance et une performance de coupe optimales.<\/span><\/div>\n<\/div>\n<\/div>\n<div id=\"faq-heading2-01\" class=\"mb-2 border-bottom\">\n<div class=\"card-header border pr-0 border-0\"><\/div>\n<h3>Caract\u00e9ristiques et avantages<\/h3>\n<div class=\"card-body\">\n<div class=\"features-list\">\n<ul>\n<li><span dir=\"auto\">Fonctionnement avec ou sans fil<\/span><\/li>\n<li><span dir=\"auto\">Moteur sans balais \u00e0 couple \u00e9lev\u00e9<\/span><\/li>\n<li><span dir=\"auto\">Batterie lithium-ion (autonomie de 2 heures)<\/span><\/li>\n<li><span dir=\"auto\">Couvercle de protection m\u00e9tallique \u00e0 profil ultra-bas<\/span><\/li>\n<li><span dir=\"auto\">Lame en graphite (r\u00e9glable \u00e0 espacement nul)<\/span><\/li>\n<li><span dir=\"auto\">Bras conique m\u00e9tallique verrouillable \u00e0 5 positions<\/span><\/li>\n<li><span dir=\"auto\">Indicateur LED de batterie faible<\/span><\/li>\n<li><span dir=\"auto\">Bo\u00eetier \u00e0 poign\u00e9e ergonomique<\/span><\/li>\n<li><span dir=\"auto\">Double tension<\/span><\/li>\n<li><span dir=\"auto\">8 guides de coupe : 1\/16\u201d, 1\/8\u201d, 3\/16\u201d, 1\/4\u201d, 3\/8\u201d, 1\/2\u201d, 5\/8\u201d, 3\/4\u201d<\/span><\/li>\n<li><span dir=\"auto\">Lame de rechange : FX603B (vendue s\u00e9par\u00e9ment)<\/span><\/li>\n<\/ul>\n<\/div>\n<\/div>\n<\/div>\n","protected":false},"excerpt":{"rendered":"<p>La tondeuse LoPROFX est dot\u00e9e d&#8217;un capot m\u00e9tallique ultra-plat et d&#8217;une poign\u00e9e ergonomique. Elle est aliment\u00e9e par un moteur brushless haute performance de 6\u00a0800 tr\/min et une batterie lithium-ion haute capacit\u00e9 de 3\u00a0300 mAh. Son design et sa puissance sont compl\u00e9t\u00e9s par une lame basse temp\u00e9rature. LoPROFX, la machine id\u00e9ale pour une sensation de coupe [&hellip;]<\/p>\n","protected":false},"featured_media":4421,"comment_status":"open","ping_status":"closed","template":"","meta":{"_acf_changed":false,"_seopress_robots_primary_cat":"none","_seopress_titles_title":"","_seopress_titles_desc":"","_seopress_robots_index":""},"product_brand":[],"product_cat":[69],"product_tag":[106],"class_list":{"0":"post-4419","1":"product","2":"type-product","3":"status-publish","4":"has-post-thumbnail","6":"product_cat-tondeuse-sechoir","7":"product_tag-clippers-2","9":"first","10":"instock","11":"taxable","12":"shipping-taxable","13":"purchasable","14":"product-type-simple"},"acf":[],"_links":{"self":[{"href":"https:\/\/absolutlaprairie.ca\/en\/wp-json\/wp\/v2\/product\/4419","targetHints":{"allow":["GET"]}}],"collection":[{"href":"https:\/\/absolutlaprairie.ca\/en\/wp-json\/wp\/v2\/product"}],"about":[{"href":"https:\/\/absolutlaprairie.ca\/en\/wp-json\/wp\/v2\/types\/product"}],"replies":[{"embeddable":true,"href":"https:\/\/absolutlaprairie.ca\/en\/wp-json\/wp\/v2\/comments?post=4419"}],"wp:featuredmedia":[{"embeddable":true,"href":"https:\/\/absolutlaprairie.ca\/en\/wp-json\/wp\/v2\/media\/4421"}],"wp:attachment":[{"href":"https:\/\/absolutlaprairie.ca\/en\/wp-json\/wp\/v2\/media?parent=4419"}],"wp:term":[{"taxonomy":"product_brand","embeddable":true,"href":"https:\/\/absolutlaprairie.ca\/en\/wp-json\/wp\/v2\/product_brand?post=4419"},{"taxonomy":"product_cat","embeddable":true,"href":"https:\/\/absolutlaprairie.ca\/en\/wp-json\/wp\/v2\/product_cat?post=4419"},{"taxonomy":"product_tag","embeddable":true,"href":"https:\/\/absolutlaprairie.ca\/en\/wp-json\/wp\/v2\/product_tag?post=4419"}],"curies":[{"name":"wp","href":"https:\/\/api.w.org\/{rel}","templated":true}]}}